{"id":2,"date":"2023-10-20T10:21:55","date_gmt":"2023-10-20T08:21:55","guid":{"rendered":"https:\/\/softwarebit.de\/projekte\/?page_id=2"},"modified":"2023-11-07T20:55:39","modified_gmt":"2023-11-07T19:55:39","slug":"beispiel-seite","status":"publish","type":"page","link":"https:\/\/softwarebit.de\/projekte\/","title":{"rendered":""},"content":{"rendered":"\n<h2 class=\"wp-block-heading\">Projekte<\/h2>\n\n\n\n<p>Hier findest du eine \u00dcbersicht aller Projekte von denen du dir einen Eindruck \u00fcber meine Erfahrung sowie Inspiration f\u00fcr dein eigenes Projekt holen kannst.<br>Zur einfacheren Unterscheidung der Arbeiten, kannst du im Abschnitt Technologien die \u00dcbersicht etwas einschr\u00e4nken. <\/p>\n\n\n\n<p>Solltest du Fragen zu einem spezifischen Projekt haben kannst du entweder einen Kommentar unter dem Projekt da lassen oder mir \u00fcber das <a href=\"https:\/\/softwarebit.de\/contactS.php\">Kontaktformular<\/a> eine Nachricht schreiben.<\/p>\n\n\n\n<h3 class=\"wp-block-heading\">Technologien<\/h3>\n\n\n\n<h1 class=\"wp-block-heading\"><\/h1>\n\n\n<div id=\"ymc-smart-filter-container-1\" \r\n\t\t\t\t  class=\"ymc-smart-filter-container ymc-filter-83 ymc-loaded-filter ymc-filter-layout2 ymc-post-layout3 ymc-pagination-numeric data-target-ymc83-1 data-target-ymc1 filterposts\" data-loading=\"true\" data-filter-id=\"83\"\r\n\t\t\t\t  data-params='{\"cpt\":\"post\",\"tax\":\"post_tag\",\"terms\":\"\",\"default_terms\":\"\",\"exclude_posts\":\"off\",\"choices_posts\":\"49,16,168\",\"posts_selected\":\"all\",\"preloader_icon\":\"preloader_5\",\"type_pg\":\"numeric\",\"per_page\":\"-1\",\"page\":\"1\",\"page_scroll\":\"1\",\"preloader_filters\":\"none\",\"preloader_filters_rate\":\"0.5\",\"preloader_filters_custom\":\"\",\"post_animation\":\"\",\"popup_animation\":\"normal\",\"letter\":\"\",\"post_layout\":\"post-layout3\",\"filter_layout\":\"filter-layout2\",\"filter_id\":\"83\",\"search\":\"\",\"search_filtered_posts\":\"0\",\"sort_order\":\"\",\"sort_orderby\":\"\",\"meta_key\":\"\",\"meta_query\":\"\",\"date_query\":\"\",\"data_target\":\"data-target-ymc1\",\"target_id\":\"1\"}'><style id=\"filter-inline-css-1\">#ymc-smart-filter-container-1 .filter-layout2 .filter-entry .filter-item .filter-link,\r\n               #ymc-extra-filter-1 .filter-layout2 .filter-entry .filter-item .filter-link  {}\r\n               #ymc-smart-filter-container-1 .filter-layout2 .filter-entry .filter-item .filter-link.active,\r\n               #ymc-extra-filter-1 .filter-layout2 .filter-entry .filter-item .filter-link.active {}\r\n               #ymc-smart-filter-container-1 .filter-layout2 .filter-entry .filter-item .filter-link,\r\n               #ymc-extra-filter-1 .filter-layout2 .filter-entry .filter-item .filter-link {font-family:'inherit';}<\/style>\r\n\r\n<div id=\"filter-layout2-1\" class=\"filter-layout filter-layout2 filter-layout2-83 filter-layout2-83-1\">\r\n\r\n\t\r\n\t<ul class=\"filter-entry\">\r\n\r\n\t\t<li class=\"filter-item\"><a class=\"filter-link all active\" href=\"#\" data-selected=\"all\" data-termid=\"8,3,4,5,6,9,7\">All<\/a><\/li><li class=\"group-filters tax-post_tag\">\r\n                          <header class=\"name-tax\">Schlagw\u00f6rter<\/header>\r\n                          <ul class=\"sub-filters\"><li class='filter-item'>\r\n                                   <a class='filter-link multiple   ' style='' href='#' data-selected='css' data-termid='3'><span class=\"link-inner\">CSS<\/span><\/a><\/li><li class='filter-item'>\r\n                                   <a class='filter-link multiple   ' style='' href='#' data-selected='html' data-termid='4'><span class=\"link-inner\">HTML<\/span><\/a><\/li><li class='filter-item'>\r\n                                   <a class='filter-link multiple   ' style='' href='#' data-selected='javascript' data-termid='5'><span class=\"link-inner\">JavaScript<\/span><\/a><\/li><li class='filter-item'>\r\n                                   <a class='filter-link multiple   ' style='' href='#' data-selected='seo' data-termid='6'><span class=\"link-inner\">SEO<\/span><\/a><\/li><li class='filter-item'>\r\n                                   <a class='filter-link multiple   ' style='' href='#' data-selected='wordpress' data-termid='7'><span class=\"link-inner\">Wordpress<\/span><\/a><\/li><li class='filter-item'>\r\n                                   <a class='filter-link multiple   ' style='' href='#' data-selected='api' data-termid='8'><span class=\"link-inner\">API<\/span><\/a><\/li><li class='filter-item'>\r\n                                   <a class='filter-link multiple   ' style='' href='#' data-selected='woocommerce' data-termid='9'><span class=\"link-inner\">WooCommerce<\/span><\/a><\/li><\/ul><\/li>\r\n\t<\/ul>\r\n\r\n    <div class=\"posts-found\"><\/div>\r\n\r\n\t\r\n<\/div>\r\n<div class=\"sort-container\"><div class=\"dropdown-filter\"><div class=\"menu-active\"><span class=\"name-sort\">Sort<\/span> <b class=\"arrow-orderby\"><\/b> <i class=\"arrow down\"><\/i><\/div><div class=\"menu-passive\"><i class=\"btn-close\">x<\/i><div class=\"menu-passive__item\"><a class=\"menu-link\" data-order=\"desc\" data-orderby=\"title\" href=\"#\">Sort by title<\/a><\/div><div class=\"menu-passive__item\"><a class=\"menu-link\" data-order=\"desc\" data-orderby=\"date\" href=\"#\">Sort by publication date<\/a><\/div><\/div><\/div><\/div><style id=\"post-inline-css-1\">\r\n#ymc-smart-filter-container-1 .container-posts .post-entry {color:#000000;}\r\n#ymc-smart-filter-container-1 .container-posts .post-entry .ymc-post-layout3 {}\r\n#ymc-smart-filter-container-1 .container-posts .post-entry .ymc-post-layout3 .read-more .btn {}\r\n#ymc-smart-filter-container-1 .ymc-pagination li a {color:#000000;}\r\n#ymc-smart-filter-container-1 .container-posts .post-entry.post-layout3 {font-family:inherit;}<\/style><div class=\"container-posts container-post-layout3\"><div class=\"post-entry  post-layout3 post-layout3-83 post-layout3-83-1\"><\/div><\/div><\/div>\n","protected":false},"excerpt":{"rendered":"<p>Projekte Hier findest du eine \u00dcbersicht aller Projekte von denen du dir einen Eindruck \u00fcber meine Erfahrung sowie Inspiration f\u00fcr dein eigenes Projekt holen kannst.Zur einfacheren Unterscheidung der Arbeiten, kannst du im Abschnitt Technologien die \u00dcbersicht etwas einschr\u00e4nken. Solltest du Fragen zu einem spezifischen Projekt haben kannst du entweder einen Kommentar unter dem Projekt da [&hellip;]<\/p>\n","protected":false},"author":1,"featured_media":0,"parent":0,"menu_order":0,"comment_status":"closed","ping_status":"open","template":"","meta":{"footnotes":""},"_links":{"self":[{"href":"https:\/\/softwarebit.de\/projekte\/wp-json\/wp\/v2\/pages\/2"}],"collection":[{"href":"https:\/\/softwarebit.de\/projekte\/wp-json\/wp\/v2\/pages"}],"about":[{"href":"https:\/\/softwarebit.de\/projekte\/wp-json\/wp\/v2\/types\/page"}],"author":[{"embeddable":true,"href":"https:\/\/softwarebit.de\/projekte\/wp-json\/wp\/v2\/users\/1"}],"replies":[{"embeddable":true,"href":"https:\/\/softwarebit.de\/projekte\/wp-json\/wp\/v2\/comments?post=2"}],"version-history":[{"count":23,"href":"https:\/\/softwarebit.de\/projekte\/wp-json\/wp\/v2\/pages\/2\/revisions"}],"predecessor-version":[{"id":97,"href":"https:\/\/softwarebit.de\/projekte\/wp-json\/wp\/v2\/pages\/2\/revisions\/97"}],"wp:attachment":[{"href":"https:\/\/softwarebit.de\/projekte\/wp-json\/wp\/v2\/media?parent=2"}],"curies":[{"name":"wp","href":"https:\/\/api.w.org\/{rel}","templated":true}]}}